{"id":117,"date":"2007-08-04T08:21:12","date_gmt":"2007-08-04T06:21:12","guid":{"rendered":"http:\/\/www.ghg-alsdorf.de\/wp\/index.php\/elterninfo\/oberstufe\/casio-gtr-9850\/"},"modified":"2026-01-05T09:47:52","modified_gmt":"2026-01-05T08:47:52","slug":"taschenrechner","status":"publish","type":"page","link":"https:\/\/www.ghg-alsdorf.de\/wp\/oberstufe\/taschenrechner","title":{"rendered":"Taschenrechner"},"content":{"rendered":"<p><span style=\"font-family: Arial;\"><span style=\"color: #ff0000;\"><strong>Mit dem Abitur 2026 ist der Einsatz grafikf\u00e4higer Taschenrechner nicht mehr m\u00f6glich und nur Taschenrechner, die vom IQB zugelassen sind, k\u00f6nnen im Abitur genutzt werden.<\/strong><\/span><\/span><a href=\"https:\/\/www.ghg-alsdorf.de\/wp\/wp-content\/uploads\/2025\/06\/Calcoom-IQ-Z8Plus.jpg\"><img loading=\"lazy\" decoding=\"async\" class=\"alignleft size-medium wp-image-14398\" src=\"https:\/\/www.ghg-alsdorf.de\/wp\/wp-content\/uploads\/2025\/06\/Calcoom-IQ-Z8Plus-300x300.jpg\" alt=\"\" width=\"300\" height=\"300\" srcset=\"https:\/\/www.ghg-alsdorf.de\/wp\/wp-content\/uploads\/2025\/06\/Calcoom-IQ-Z8Plus-300x300.jpg 300w, https:\/\/www.ghg-alsdorf.de\/wp\/wp-content\/uploads\/2025\/06\/Calcoom-IQ-Z8Plus-150x150.jpg 150w, https:\/\/www.ghg-alsdorf.de\/wp\/wp-content\/uploads\/2025\/06\/Calcoom-IQ-Z8Plus-768x768.jpg 768w, https:\/\/www.ghg-alsdorf.de\/wp\/wp-content\/uploads\/2025\/06\/Calcoom-IQ-Z8Plus.jpg 800w\" sizes=\"auto, (max-width: 300px) 100vw, 300px\" \/><\/a><\/p>\n<h3>Ab dem Schuljahr 2025\/26 setzen wir beginnend mit der EF hochwachsend einen<\/h3>\n<h1>Calcoom IQ-Z8 Plus<\/h1>\n<h3>im Oberstufenunterricht ein.<\/h3>\n<pre><strong><span style=\"font-family: Arial;\">Zum Ende des laufenden Schuljahres wird eine Sammelbestellung zwecks \r\npreisg\u00fcnstiger Beschaffung organisiert.<\/span><\/strong><\/pre>\n","protected":false},"excerpt":{"rendered":"<p>Mit dem Abitur 2026 ist der Einsatz grafikf\u00e4higer Taschenrechner nicht mehr m\u00f6glich und nur Taschenrechner, die vom IQB zugelassen sind, k\u00f6nnen im Abitur genutzt werden. Ab dem Schuljahr 2025\/26 setzen wir beginnend mit der EF hochwachsend einen Calcoom IQ-Z8 Plus im Oberstufenunterricht ein. Zum Ende des laufenden Schuljahres wird eine Sammelbestellung zwecks preisg\u00fcnstiger Beschaffung organisiert.<\/p>\n","protected":false},"author":3,"featured_media":14398,"parent":116,"menu_order":10,"comment_status":"closed","ping_status":"closed","template":"oberstufe-index.php","meta":{"footnotes":""},"class_list":["post-117","page","type-page","status-publish","has-post-thumbnail","czr-hentry"],"_links":{"self":[{"href":"https:\/\/www.ghg-alsdorf.de\/wp\/wp-json\/wp\/v2\/pages\/117","targetHints":{"allow":["GET"]}}],"collection":[{"href":"https:\/\/www.ghg-alsdorf.de\/wp\/wp-json\/wp\/v2\/pages"}],"about":[{"href":"https:\/\/www.ghg-alsdorf.de\/wp\/wp-json\/wp\/v2\/types\/page"}],"author":[{"embeddable":true,"href":"https:\/\/www.ghg-alsdorf.de\/wp\/wp-json\/wp\/v2\/users\/3"}],"replies":[{"embeddable":true,"href":"https:\/\/www.ghg-alsdorf.de\/wp\/wp-json\/wp\/v2\/comments?post=117"}],"version-history":[{"count":4,"href":"https:\/\/www.ghg-alsdorf.de\/wp\/wp-json\/wp\/v2\/pages\/117\/revisions"}],"predecessor-version":[{"id":14625,"href":"https:\/\/www.ghg-alsdorf.de\/wp\/wp-json\/wp\/v2\/pages\/117\/revisions\/14625"}],"up":[{"embeddable":true,"href":"https:\/\/www.ghg-alsdorf.de\/wp\/wp-json\/wp\/v2\/pages\/116"}],"wp:featuredmedia":[{"embeddable":true,"href":"https:\/\/www.ghg-alsdorf.de\/wp\/wp-json\/wp\/v2\/media\/14398"}],"wp:attachment":[{"href":"https:\/\/www.ghg-alsdorf.de\/wp\/wp-json\/wp\/v2\/media?parent=117"}],"curies":[{"name":"wp","href":"https:\/\/api.w.org\/{rel}","templated":true}]}}