{"id":13220,"date":"2023-03-23T08:06:16","date_gmt":"2023-03-23T07:06:16","guid":{"rendered":"https:\/\/www.ghg-alsdorf.de\/wp\/?page_id=13220"},"modified":"2023-03-23T08:08:09","modified_gmt":"2023-03-23T07:08:09","slug":"gruene-klassenzimmer","status":"publish","type":"page","link":"https:\/\/www.ghg-alsdorf.de\/wp\/gruene-klassenzimmer","title":{"rendered":"Gr\u00fcnes Klassenzimmer"},"content":{"rendered":"<h2>Das Gr\u00fcne Klassenzimmer<\/h2>\n<p><strong><a href=\"https:\/\/www.ghg-alsdorf.de\/wp\/wp-content\/uploads\/2023\/03\/image1.jpeg\"><img loading=\"lazy\" decoding=\"async\" class=\"alignright wp-image-13221 size-medium\" src=\"https:\/\/www.ghg-alsdorf.de\/wp\/wp-content\/uploads\/2023\/03\/image1-300x274.jpeg\" alt=\"\" width=\"300\" height=\"274\" srcset=\"https:\/\/www.ghg-alsdorf.de\/wp\/wp-content\/uploads\/2023\/03\/image1-300x274.jpeg 300w, https:\/\/www.ghg-alsdorf.de\/wp\/wp-content\/uploads\/2023\/03\/image1-1024x934.jpeg 1024w, https:\/\/www.ghg-alsdorf.de\/wp\/wp-content\/uploads\/2023\/03\/image1-150x137.jpeg 150w, https:\/\/www.ghg-alsdorf.de\/wp\/wp-content\/uploads\/2023\/03\/image1-768x700.jpeg 768w, https:\/\/www.ghg-alsdorf.de\/wp\/wp-content\/uploads\/2023\/03\/image1-1536x1400.jpeg 1536w, https:\/\/www.ghg-alsdorf.de\/wp\/wp-content\/uploads\/2023\/03\/image1.jpeg 1643w\" sizes=\"auto, (max-width: 300px) 100vw, 300px\" \/><\/a>Das Areal<\/strong><\/p>\n<p>N\u00f6rdlich der Turnhalle der Gesamtschule erstreckt sich eine Rasenfl\u00e4che, die bislang nicht genutzt wurde und mangels \u00f6ffentlicher Zug\u00e4nglichkeit auch nicht sinnvoll genutzt werden konnte. Aus den positiven Erfahrungen mit dem bereits bestehenden Schulgarten erwuchs der Gedanke, diese Brachfl\u00e4che f\u00fcr schulische Belange zu Gestalten und umzunutzen. In einem ersten Schritt konnte das Areal ringsum gesichert und mit einem Zaun versehen werden. Es galt nun Konzeptionen zu entwickeln, wie das Areal dauerhaft und nachhaltig genutzt werden k\u00f6nnte.<\/p>\n<p>In dieser Konzeption sollten methodisch-didaktische Aspekte und \u00f6kologische Gesichtspunkte ber\u00fccksichtigt werden. Daraus entstand der Plan einer vielschichtigen Nutzung des Areals durch die Schul\u00f6ffentlichkeit.<\/p>\n<p>&nbsp;<\/p>\n<p>&nbsp;<\/p>\n<p><strong>Hochbeete f\u00fcr die 5er<\/strong><\/p>\n<p>Im Jahr 2022 wurden sieben Hochbeete f\u00fcr die neuen 5. Klassen durch die Schulgarten AG angelegt. Gleichzeitig wurde bereits zu diesem Zeitpunkt die Bewirtschaftung dieser Hochbeete in das aktuellen Schulprogramm im Rahmen der Umwelterziehung aufgenommen.<\/p>\n<p><a href=\"https:\/\/www.ghg-alsdorf.de\/wp\/wp-content\/uploads\/2023\/03\/image2.jpg\"><img loading=\"lazy\" decoding=\"async\" class=\"alignleft size-thumbnail wp-image-13222\" src=\"https:\/\/www.ghg-alsdorf.de\/wp\/wp-content\/uploads\/2023\/03\/image2-150x113.jpg\" alt=\"\" width=\"150\" height=\"113\" srcset=\"https:\/\/www.ghg-alsdorf.de\/wp\/wp-content\/uploads\/2023\/03\/image2-150x113.jpg 150w, https:\/\/www.ghg-alsdorf.de\/wp\/wp-content\/uploads\/2023\/03\/image2-300x225.jpg 300w, https:\/\/www.ghg-alsdorf.de\/wp\/wp-content\/uploads\/2023\/03\/image2-768x577.jpg 768w, https:\/\/www.ghg-alsdorf.de\/wp\/wp-content\/uploads\/2023\/03\/image2.jpg 906w\" sizes=\"auto, (max-width: 150px) 100vw, 150px\" \/><\/a>Jede 5er Klasse erh\u00e4lt zu Beginn des zweiten Schulhalbjahrs ein Hochbeet von ca. 2,40 x 1,20 m zur individuellen Bewirtschaftung. Hier k\u00f6nnen der Jahreszeit entsprechende Nutz- und Zierpflanzen angebaut und bewirtschaftet werden. Das Hochbeet bleibt dann in der Verantwortung und Pflege bis zum Ende des ersten Schulhalbjahrs in der Jahrgangsstufe 6. Dadurch besteht die M\u00f6glichkeit einen gesamten Wachstums- bzw. Jahreszyklus im Schulgarten von der Aussaat bis zur Ernte zu erleben.<\/p>\n<p>Dabei gibt es f\u00fcr die angebauten Pflanzen keine Vorgaben.<\/p>\n<p>&nbsp;<\/p>\n<p><strong>Experimentierschuppen<\/strong><\/p>\n<p>In einer ausgesetzten Ecke des Gel\u00e4ndes fand sich Raum f\u00fcr einen gro\u00dfen Schuppen, der zusammen mit Sch\u00fclerinnen<a href=\"https:\/\/www.ghg-alsdorf.de\/wp\/wp-content\/uploads\/2023\/03\/image3.jpeg\"><img loading=\"lazy\" decoding=\"async\" class=\"alignright wp-image-13223 size-medium\" src=\"https:\/\/www.ghg-alsdorf.de\/wp\/wp-content\/uploads\/2023\/03\/image3-300x225.jpeg\" alt=\"\" width=\"300\" height=\"225\" srcset=\"https:\/\/www.ghg-alsdorf.de\/wp\/wp-content\/uploads\/2023\/03\/image3-300x225.jpeg 300w, https:\/\/www.ghg-alsdorf.de\/wp\/wp-content\/uploads\/2023\/03\/image3-150x113.jpeg 150w, https:\/\/www.ghg-alsdorf.de\/wp\/wp-content\/uploads\/2023\/03\/image3-768x576.jpeg 768w, https:\/\/www.ghg-alsdorf.de\/wp\/wp-content\/uploads\/2023\/03\/image3.jpeg 844w\" sizes=\"auto, (max-width: 300px) 100vw, 300px\" \/><\/a> und Sch\u00fclern unterschiedlicher Jahrgangsstufen errichtet werden konnte. Er beherbergt Experimentiermaterialien und didaktisches Material zu unterschiedlichen Themenbereichen der Biologie. Experimente k\u00f6nnen hier direkt vor Ort durchgef\u00fchrt werden.<\/p>\n<p>&nbsp;<\/p>\n<p>&nbsp;<\/p>\n<p><strong>Klassenraum im Gr\u00fcnen<\/strong><\/p>\n<p>Auf ein 6 x 7 m gro\u00dfen Areal entsteht zur Zeit ein Unterrichtsraum im Freien, der es in der w\u00e4rmeren Jahreszeit erlaubt, das Unterrichtsgeschehen nach drau\u00dfen zu verlegen. Eine wetterfeste Tafel sowie Strom- und Wasseranschluss schaffen optimale Rahmenbedingungen. F\u00fcr die Beschattung an hei\u00dfen Tagen sorgt ein Sonnensegel.<\/p>\n<p><strong>Streuobstwiese<\/strong><\/p>\n<p><a href=\"https:\/\/www.ghg-alsdorf.de\/wp\/wp-content\/uploads\/2023\/03\/image4.jpeg\"><img loading=\"lazy\" decoding=\"async\" class=\"alignleft size-medium wp-image-13224\" src=\"https:\/\/www.ghg-alsdorf.de\/wp\/wp-content\/uploads\/2023\/03\/image4-225x300.jpeg\" alt=\"\" width=\"225\" height=\"300\" srcset=\"https:\/\/www.ghg-alsdorf.de\/wp\/wp-content\/uploads\/2023\/03\/image4-225x300.jpeg 225w, https:\/\/www.ghg-alsdorf.de\/wp\/wp-content\/uploads\/2023\/03\/image4-113x150.jpeg 113w, https:\/\/www.ghg-alsdorf.de\/wp\/wp-content\/uploads\/2023\/03\/image4.jpeg 449w\" sizes=\"auto, (max-width: 225px) 100vw, 225px\" \/><\/a>In der Streuobstwiese wird f\u00fcr jeden neuen 5er Jahrgang eigene Obstbaum gepflanzt. Er dient als dauerhaftes Symbol und Erinnerung an den Tag der Einschulung und l\u00f6ste die jahrelang gepflegte Tradition des Luftballonwettbewerbs ab. Hier wird gezielt nicht weit ausladendes Spalierobst angepflanzt. Sollte das Areal ersch\u00f6pft sein, steht bereits eine alternative Fl\u00e4che zur Verf\u00fcgung.<\/p>\n<ul>\n<li>Erste Baumpflanzung (Birne 2019)<\/li>\n<li>Zweite Baumpflanzung (Pflaume 2020)<\/li>\n<li>Dritte Baumpflanzung (Kirsche 2021)<\/li>\n<li>Vierte Baumpflanzung (Feige 2022)<\/li>\n<\/ul>\n<p><strong>Benjeshecke<\/strong><\/p>\n<p>Seit dem Jahr 2022 wird sukzessive\u00a0 eine Totholzhecke (Benjeshecke) zum Wendehammer \u201eAn der Gesamtschule\u201c durch die Schulgarten AG angelegt. Diese hat f\u00fcr das gr\u00fcne Klassenzimmer vielf\u00e4ltige Aufgabe. So dient sie als Sicht- und Windschutz zur Stra\u00dfe hin und bietet eine ideale \u00f6kologische Nische f\u00fcr Kleintiere, V\u00f6gel und Insekten. Gleichzeitig kann diese Hecke dauerhaft genutzt werden um Gr\u00fcnschnitt zu entsorgen.<a href=\"https:\/\/www.ghg-alsdorf.de\/wp\/wp-content\/uploads\/2023\/03\/image5.jpeg\"><img loading=\"lazy\" decoding=\"async\" class=\"aligncenter size-medium wp-image-13225\" src=\"https:\/\/www.ghg-alsdorf.de\/wp\/wp-content\/uploads\/2023\/03\/image5-300x225.jpeg\" alt=\"\" width=\"300\" height=\"225\" srcset=\"https:\/\/www.ghg-alsdorf.de\/wp\/wp-content\/uploads\/2023\/03\/image5-300x225.jpeg 300w, https:\/\/www.ghg-alsdorf.de\/wp\/wp-content\/uploads\/2023\/03\/image5-150x113.jpeg 150w, https:\/\/www.ghg-alsdorf.de\/wp\/wp-content\/uploads\/2023\/03\/image5-768x576.jpeg 768w, https:\/\/www.ghg-alsdorf.de\/wp\/wp-content\/uploads\/2023\/03\/image5.jpeg 932w\" sizes=\"auto, (max-width: 300px) 100vw, 300px\" \/><\/a><\/p>\n<p>&nbsp;<\/p>\n","protected":false},"excerpt":{"rendered":"<p>Jede 5er Klasse erh\u00e4lt zu Beginn des zweiten Schulhalbjahrs ein Hochbeet von ca. 2,40 x 1,20 m zur individuellen Bewirtschaftung. Hier k\u00f6nnen der Jahreszeit entsprechende Nutz- und Zierpflanzen angebaut und bewirtschaftet werden.<\/p>\n","protected":false},"author":17,"featured_media":13222,"parent":0,"menu_order":0,"comment_status":"closed","ping_status":"closed","template":"","meta":{"footnotes":""},"class_list":["post-13220","page","type-page","status-publish","has-post-thumbnail","czr-hentry"],"_links":{"self":[{"href":"https:\/\/www.ghg-alsdorf.de\/wp\/wp-json\/wp\/v2\/pages\/13220","targetHints":{"allow":["GET"]}}],"collection":[{"href":"https:\/\/www.ghg-alsdorf.de\/wp\/wp-json\/wp\/v2\/pages"}],"about":[{"href":"https:\/\/www.ghg-alsdorf.de\/wp\/wp-json\/wp\/v2\/types\/page"}],"author":[{"embeddable":true,"href":"https:\/\/www.ghg-alsdorf.de\/wp\/wp-json\/wp\/v2\/users\/17"}],"replies":[{"embeddable":true,"href":"https:\/\/www.ghg-alsdorf.de\/wp\/wp-json\/wp\/v2\/comments?post=13220"}],"version-history":[{"count":2,"href":"https:\/\/www.ghg-alsdorf.de\/wp\/wp-json\/wp\/v2\/pages\/13220\/revisions"}],"predecessor-version":[{"id":13229,"href":"https:\/\/www.ghg-alsdorf.de\/wp\/wp-json\/wp\/v2\/pages\/13220\/revisions\/13229"}],"wp:featuredmedia":[{"embeddable":true,"href":"https:\/\/www.ghg-alsdorf.de\/wp\/wp-json\/wp\/v2\/media\/13222"}],"wp:attachment":[{"href":"https:\/\/www.ghg-alsdorf.de\/wp\/wp-json\/wp\/v2\/media?parent=13220"}],"curies":[{"name":"wp","href":"https:\/\/api.w.org\/{rel}","templated":true}]}}