{"id":141,"date":"2007-08-05T11:55:39","date_gmt":"2007-08-05T09:55:39","guid":{"rendered":"http:\/\/www.ghg-alsdorf.de\/wp\/index.php\/ganztag\/spieleangebote\/"},"modified":"2014-06-19T16:29:18","modified_gmt":"2014-06-19T14:29:18","slug":"spieleangebote","status":"publish","type":"page","link":"https:\/\/www.ghg-alsdorf.de\/wp\/ganztag\/spieleangebote","title":{"rendered":"Spieleangebote"},"content":{"rendered":"<p><span style=\"font-family: Arial;\"><img decoding=\"async\" src=\"https:\/\/www.ghg-alsdorf.de\/wp\/wp-content\/uploads\/2007\/08\/bullet19.gif\" alt=\"marker\" \/><\/span><\/p>\n<h1><span style=\"font-family: Arial;\"><strong>Spieleangebot<\/strong><\/span><\/h1>\n<p><span style=\"font-family: Arial;\">Die Bibliothek kann an jedem Tag in den Pausen aufgesucht werden. Die Ausleihe wird unterst\u00fctzt von Sch\u00fclern, die dem Kollegen und der Kollegin, die die Bibliothek verantwortlich betreuen, zur Hand gehen. Ab und zu wird die Bibliothek auch von Gruppen oder Klassen zu Lesen\u00e4chten in der Schule aufgesucht.<\/span><\/p>\n<p><span style=\"font-family: Arial;\">Ein leiser Spieleraum h\u00e4lt zahlreiche Gesellschaftsspiele bereit. Auch k\u00f6nnen im Sommer oder bei sch\u00f6nem Wetter Spiele f\u00fcr den Schulhof wie Indiaca, Federball, Softballtennis, Boccia aus diesem Raum entliehen werden. Auch hier helfen die Sch\u00fclerinnen und Sch\u00fcler tatkr\u00e4ftig in jeder Pause. Von der <a href=\"https:\/\/www.ghg-alsdorf.de\/wp\/index.php\/ganztag\/schulsozialarbeit\/\">Sozialp\u00e4dagogin<\/a> oder vom <a href=\"https:\/\/www.ghg-alsdorf.de\/wp\/index.php\/ganztag\/das-ganztagsteam\/\">Ganztagsteam<\/a> werden in regelm\u00e4\u00dfigen Abst\u00e4nden kleine Gesellschaftsspiel-Turniere angeboten, die in diesem Spielebereich durchgef\u00fchrt werden.<\/span><\/p>\n<p ><span style=\"font-family: Arial;\">Im Keller stehen Kickerspiele zur Verf\u00fcgung, w\u00e4hrend sowohl im P\u00e4dagogischen Zentrum (PZ) als auch auf dem Schulhof Tischtennisplatten zahlreiche Sch\u00fclergruppen anziehen.<\/span><\/p>\n<p><span style=\"font-family: Arial;\">F\u00fcr eine aktive Pause stehen Pedalos und Balancierger\u00e4te bereit, w\u00e4hrend auf dem Schulhof Basketballk\u00f6rbe zum beliebten Basketballspiel motivieren. Fu\u00dfball ist auf vorgegebenen Fl\u00e4chen mit einem weichen Ball erlaubt.<\/span><\/p>\n<p><span style=\"font-family: Arial;\">In den Mittagspausen wird die Sporthalle ge\u00f6ffnet und unter sachkundiger Aufsicht von Sportkollegen\/innen Basketball, Volleyball oder Fu\u00dfball gespielt. Im Sommer kommt zu diesem Angebot der Sportplatz hinzu.<\/span><\/p>\n<p><span style=\"font-family: Arial;\">Je nach Stundenkontingent f\u00fcr den Ganztag leiten Kollegen\/innen in offenen Angeboten interessierte Sch\u00fclerInnen an, ihre Pause aktiv zu verbringen. Dabei werden die musisch-k\u00fcnstlerischen Bereiche ber\u00fccksichtigt, aber auch Angebote zur Entspannung oder zum Tanzen gemacht. In einem Computerraum werden Konzentrationsspiele angeboten und der <a href=\"https:\/\/www.ghg-alsdorf.de\/wp\/index.php\/veranstaltungen\/rechenwettbewerb\/\">Kopfrechenwettbewerb<\/a> durchgef\u00fchrt.<\/span><\/p>\n","protected":false},"excerpt":{"rendered":"<p>Spieleangebot Die Bibliothek kann an jedem Tag in den Pausen aufgesucht werden. Die Ausleihe wird unterst\u00fctzt von Sch\u00fclern, die dem Kollegen und der Kollegin, die die Bibliothek verantwortlich betreuen, zur Hand gehen. Ab und zu wird die Bibliothek auch von Gruppen oder Klassen zu Lesen\u00e4chten in der Schule aufgesucht. Ein leiser Spieleraum h\u00e4lt zahlreiche Gesellschaftsspiele [&hellip;]<\/p>\n","protected":false},"author":17,"featured_media":4695,"parent":108,"menu_order":2050,"comment_status":"closed","ping_status":"closed","template":"","meta":{"footnotes":""},"class_list":["post-141","page","type-page","status-publish","has-post-thumbnail","czr-hentry"],"_links":{"self":[{"href":"https:\/\/www.ghg-alsdorf.de\/wp\/wp-json\/wp\/v2\/pages\/141","targetHints":{"allow":["GET"]}}],"collection":[{"href":"https:\/\/www.ghg-alsdorf.de\/wp\/wp-json\/wp\/v2\/pages"}],"about":[{"href":"https:\/\/www.ghg-alsdorf.de\/wp\/wp-json\/wp\/v2\/types\/page"}],"author":[{"embeddable":true,"href":"https:\/\/www.ghg-alsdorf.de\/wp\/wp-json\/wp\/v2\/users\/17"}],"replies":[{"embeddable":true,"href":"https:\/\/www.ghg-alsdorf.de\/wp\/wp-json\/wp\/v2\/comments?post=141"}],"version-history":[{"count":0,"href":"https:\/\/www.ghg-alsdorf.de\/wp\/wp-json\/wp\/v2\/pages\/141\/revisions"}],"up":[{"embeddable":true,"href":"https:\/\/www.ghg-alsdorf.de\/wp\/wp-json\/wp\/v2\/pages\/108"}],"wp:featuredmedia":[{"embeddable":true,"href":"https:\/\/www.ghg-alsdorf.de\/wp\/wp-json\/wp\/v2\/media\/4695"}],"wp:attachment":[{"href":"https:\/\/www.ghg-alsdorf.de\/wp\/wp-json\/wp\/v2\/media?parent=141"}],"curies":[{"name":"wp","href":"https:\/\/api.w.org\/{rel}","templated":true}]}}