{"id":145,"date":"2007-08-05T11:58:36","date_gmt":"2007-08-05T09:58:36","guid":{"rendered":"http:\/\/www.ghg-alsdorf.de\/wp\/index.php\/ganztag\/schulgarten\/"},"modified":"2023-09-22T12:06:08","modified_gmt":"2023-09-22T10:06:08","slug":"schulgarten","status":"publish","type":"page","link":"https:\/\/www.ghg-alsdorf.de\/wp\/ganztag\/schulgarten","title":{"rendered":"Schulgarten"},"content":{"rendered":"<h2><a href=\"https:\/\/www.ghg-alsdorf.de\/wp\/wp-content\/uploads\/2023\/03\/garten1.jpg\"><img loading=\"lazy\" decoding=\"async\" class=\"alignleft size-thumbnail wp-image-13205\" src=\"https:\/\/www.ghg-alsdorf.de\/wp\/wp-content\/uploads\/2023\/03\/garten1-150x138.jpg\" alt=\"\" width=\"150\" height=\"138\" srcset=\"https:\/\/www.ghg-alsdorf.de\/wp\/wp-content\/uploads\/2023\/03\/garten1-150x138.jpg 150w, https:\/\/www.ghg-alsdorf.de\/wp\/wp-content\/uploads\/2023\/03\/garten1-300x276.jpg 300w, https:\/\/www.ghg-alsdorf.de\/wp\/wp-content\/uploads\/2023\/03\/garten1-1024x942.jpg 1024w, https:\/\/www.ghg-alsdorf.de\/wp\/wp-content\/uploads\/2023\/03\/garten1-768x707.jpg 768w, https:\/\/www.ghg-alsdorf.de\/wp\/wp-content\/uploads\/2023\/03\/garten1-270x250.jpg 270w, https:\/\/www.ghg-alsdorf.de\/wp\/wp-content\/uploads\/2023\/03\/garten1.jpg 1530w\" sizes=\"auto, (max-width: 150px) 100vw, 150px\" \/><\/a>Gartenreich &#8211; der Schulgarten<\/h2>\n<p>Der heutige <a href=\"https:\/\/www.ghg-alsdorf.de\/wp\/wp-content\/uploads\/2023\/03\/Schulgarten-Printversion.pdf\">Schulgarten<\/a> geht auf eine Initiative von LehrerInnen aus dem Jahr 2005 zur\u00fcck. Es reifte der Plan ein bis dahin nur als kleine Grillfl\u00e4che mit einem Ger\u00e4teschuppen genutztes Areal zu einem Schulgarten zu nutzen.<!--more--><\/p>\n<p><a href=\"https:\/\/www.ghg-alsdorf.de\/wp\/wp-content\/uploads\/2023\/03\/garten-009.jpg\"><img loading=\"lazy\" decoding=\"async\" class=\"alignleft wp-image-13213 size-thumbnail\" src=\"https:\/\/www.ghg-alsdorf.de\/wp\/wp-content\/uploads\/2023\/03\/garten-009-113x150.jpg\" alt=\"\" width=\"113\" height=\"150\" srcset=\"https:\/\/www.ghg-alsdorf.de\/wp\/wp-content\/uploads\/2023\/03\/garten-009-113x150.jpg 113w, https:\/\/www.ghg-alsdorf.de\/wp\/wp-content\/uploads\/2023\/03\/garten-009-225x300.jpg 225w, https:\/\/www.ghg-alsdorf.de\/wp\/wp-content\/uploads\/2023\/03\/garten-009.jpg 611w\" sizes=\"auto, (max-width: 113px) 100vw, 113px\" \/><\/a><strong>2006<\/strong> wurde dann das Areal im Rahmen einer ersten Schulgarten AG von Schutt befreit und erste Beete und ein Hochbeet angelegt.<\/p>\n<p>Im Jahr <strong>2009<\/strong> wurde in einer Projektwoche der heute noch existierende Lehmbackofen errichtet und sp\u00e4ter mit einem Schutzdach versehen.<\/p>\n<p>Im Jahr <strong>2016<\/strong> konnte die Fl\u00e4che des Gartens fast verdoppelt werden.<a href=\"https:\/\/www.ghg-alsdorf.de\/wp\/wp-content\/uploads\/2023\/03\/Garten-0001.jpg\"><img loading=\"lazy\" decoding=\"async\" class=\"alignright size-full wp-image-13217\" src=\"https:\/\/www.ghg-alsdorf.de\/wp\/wp-content\/uploads\/2023\/03\/Garten-0001.jpg\" alt=\"\" width=\"124\" height=\"93\" \/><\/a><\/p>\n<p>Im Rahmen einer Projektwoche wurde der Zaun versetzt, ein Gartenteich ausgehoben, ein Rasensofa angelegt, M\u00f6bel aus Paletten gebaut.<\/p>\n<p><a href=\"https:\/\/www.ghg-alsdorf.de\/wp\/wp-content\/uploads\/2023\/03\/Garten-0006.jpg\"><img loading=\"lazy\" decoding=\"async\" class=\"alignleft size-full wp-image-13210\" src=\"https:\/\/www.ghg-alsdorf.de\/wp\/wp-content\/uploads\/2023\/03\/Garten-0006.jpg\" alt=\"\" width=\"124\" height=\"93\" \/><\/a><strong>2018<\/strong> wurde dann das Gew\u00e4chshaus errichtet und f\u00fcr die Stromversorgung ein Windrad und eine Solaranlage ange\u00adbracht. Diese betreiben eine Teichpumpe und versorgen den Schuppen mit Licht <a href=\"https:\/\/www.ghg-alsdorf.de\/wp\/wp-content\/uploads\/2023\/03\/Garten-0004.jpg\"><img loading=\"lazy\" decoding=\"async\" class=\"size-full wp-image-13208 alignright\" src=\"https:\/\/www.ghg-alsdorf.de\/wp\/wp-content\/uploads\/2023\/03\/Garten-0004.jpg\" alt=\"\" width=\"122\" height=\"92\" \/><\/a><\/p>\n<p>&nbsp;<\/p>\n<p><strong>2019<\/strong> wurden eine Solarthermieanlage zum Beheizen des Gew\u00e4chshauses gebaut.<a href=\"https:\/\/www.ghg-alsdorf.de\/wp\/wp-content\/uploads\/2023\/03\/Garten-0005.jpg\"><img loading=\"lazy\" decoding=\"async\" class=\"alignleft wp-image-13209 size-full\" src=\"https:\/\/www.ghg-alsdorf.de\/wp\/wp-content\/uploads\/2023\/03\/Garten-0005.jpg\" alt=\"\" width=\"122\" height=\"91\" \/><\/a><\/p>\n<p><strong>2020<\/strong> konnte ein weiterer Schulgarten, das neue Gr\u00fcne Klassenzimmer dazu gewonnen werden. Hier befinden sich die Hochbeete f\u00fcr die Jahrgangsstufen 5 bzw. 6 sowie die Streuobstwiese mit den Jahrgangsb\u00e4umen.<\/p>\n<p>2022 wird eine Hydoponikanlage (erdeloser Anbau) in Kombination \u201evertical gardening\u201c (vertikaler Anbau) ihren Betrieb aufnehmen.<\/p>\n<p><a href=\"https:\/\/www.ghg-alsdorf.de\/wp\/wp-content\/uploads\/2023\/03\/Garten-0003.jpg\"><img loading=\"lazy\" decoding=\"async\" class=\"alignleft wp-image-13207 size-full\" src=\"https:\/\/www.ghg-alsdorf.de\/wp\/wp-content\/uploads\/2023\/03\/Garten-0003.jpg\" alt=\"\" width=\"122\" height=\"92\" \/><\/a>Der Garten ist ein Lernort im Freien. Im Rahmen einer Garten AG erleben die Sch\u00fclerinnen und Sch\u00fcler den Jahreskreislauf von der Aussaat bis zur Ernte. Der Garten dient aber auch als Unterrichtsraum f\u00fcr Biologie, Naturwissenschaft oder Hauswirtschaft. Sitzgruppen und Tische erm\u00f6glichen dar\u00fcber hinaus an warmen Tagen f\u00fcr Lerngruppen das Arbeiten unter schattigen B\u00e4umen.<\/p>\n<p>Nicht zuletzt ist der Schulgarten aber auch ein Ort der Entspannung und artenreiches Biotop auf dem Schulgel\u00e4nde.<a href=\"https:\/\/www.ghg-alsdorf.de\/wp\/wp-content\/uploads\/2023\/03\/Garten-0002.jpg\"><img loading=\"lazy\" decoding=\"async\" class=\"alignright wp-image-13206 size-full\" src=\"https:\/\/www.ghg-alsdorf.de\/wp\/wp-content\/uploads\/2023\/03\/Garten-0002.jpg\" alt=\"\" width=\"127\" height=\"95\" \/><\/a><\/p>\n<p>Eine kleine Oase f\u00fcr Mensch und Tier, die auch an einem <a href=\"https:\/\/www.bag-schulgarten.de\/aktuelles\/tag-des-schulgartens-2023\/wir-waren-dabei?tx_news_pi1%5Baction%5D=detail&amp;tx_news_pi1%5Bcontroller%5D=News&amp;tx_news_pi1%5Bnews%5D=1389&amp;cHash=20600e590ad0af3e86a7b0c41a1fcffd\">Tag des Schulgartens<\/a> bestaunt werden kann.<\/p>\n<h2>Schulgarten AG<\/h2>\n<p><a href=\"https:\/\/www.ghg-alsdorf.de\/wp\/wp-content\/uploads\/2023\/03\/Garten-0008.jpg\"><img loading=\"lazy\" decoding=\"async\" class=\"alignleft wp-image-13212 size-full\" src=\"https:\/\/www.ghg-alsdorf.de\/wp\/wp-content\/uploads\/2023\/03\/Garten-0008.jpg\" alt=\"\" width=\"126\" height=\"94\" \/><\/a>Der Schulgarten wird in erster Linie durch die Schulgarten AG getragen. Die Sch\u00fclerinnen und Sch\u00fcler lernen hier den Umgang mit den Ger\u00e4tschaften vom Spaten bis zum Rasenm\u00e4her und den Anbau von der Aussaat im Fr\u00fchjahr bis zur Ernte im Sommer und Herbst. Selbstverst\u00e4ndlich werden die Ertr\u00e4ge auch verarbeitet und dann auch verk\u00f6stigt.<\/p>\n<p>Aber auch Themen rund um die Tier-?und Pflanzenwelt finden immer wieder Eingang in die AG-Stunden.<\/p>\n<p>In der kalten Jahreszeit besch\u00e4ftigt sich die AG mit der Reparatur von Sch\u00e4den, es werden neue Dinge entwickelt und gebaut, wie zum Beispiel Nistk\u00e4sten f\u00fcr die V\u00f6gel auf dem Schulgel\u00e4nde.<\/p>\n<p>Aber auch die Theorie rund um das Thema Nachhaltigkeit und Ern\u00e4hrung stehen mit auf dem Stundenplan.<\/p>\n<p>Highlights im Jahr sind das Herstellen von frischem Apfelsaft oder das Brot- oder Pizzabacken im Backofen.<\/p>\n<p><strong>Wer kann mitmachen?<\/strong><\/p>\n<p><a href=\"https:\/\/www.ghg-alsdorf.de\/wp\/wp-content\/uploads\/2023\/03\/Garten-0007.jpg\"><img loading=\"lazy\" decoding=\"async\" class=\"alignleft wp-image-13211 size-full\" src=\"https:\/\/www.ghg-alsdorf.de\/wp\/wp-content\/uploads\/2023\/03\/Garten-0007.jpg\" alt=\"\" width=\"127\" height=\"95\" \/><\/a>F\u00fcr Sch\u00fclerinnen und Sch\u00fcler des 5. und 6. Jahrgangs gibt es die M\u00f6glichkeit an der Schulgarten AG teilzunehmen. Diese findet mittwochs in der 8. und 9. Stunde statt. Aber auch interessierte Sch\u00fclerinnen und Sch\u00fcler aus h\u00f6heren Jahrg\u00e4ngen sind herzlich willkommen.<\/p>\n<p>Selbstverst\u00e4ndlich sind Lehrerinnen und Lehrer sowie Eltern, die sich f\u00fcr die Arbeit rund um den Schulgarten interessieren, herzlich eingeladen den <a href=\"https:\/\/www.ghg-alsdorf.de\/wp\/wp-content\/uploads\/2023\/03\/Schulgarten-Printversion.pdf\">Schu\u00adlgarten und Projekte<\/a> mit zu betreuen und zu unterst\u00fctzen.<\/p>\n<p><strong>AnsprechpartnerInnen sind:<\/strong><\/p>\n<p><strong>Sandra Heidmann-Wei\u00df<\/strong><\/p>\n<p>heidm@ghg-alsdorf.de<\/p>\n<p>&nbsp;<\/p>\n<p><strong>Dr. Georg Kehren<\/strong><\/p>\n<p>kehren@ghg-alsdorf.de<\/p>\n<p>&nbsp;<\/p>\n<p><!--Mittelzelle ende--><\/p>\n","protected":false},"excerpt":{"rendered":"<p>Gartenreich &#8211; der Schulgarten Der heutige Schulgarten geht auf eine Initiative von LehrerInnen aus dem Jahr 2005 zur\u00fcck. Es reifte der Plan ein bis dahin nur als kleine Grillfl\u00e4che mit einem Ger\u00e4teschuppen genutztes Areal zu einem Schulgarten zu nutzen.<\/p>\n","protected":false},"author":17,"featured_media":13205,"parent":108,"menu_order":2090,"comment_status":"closed","ping_status":"closed","template":"","meta":{"footnotes":""},"class_list":["post-145","page","type-page","status-publish","has-post-thumbnail","czr-hentry"],"_links":{"self":[{"href":"https:\/\/www.ghg-alsdorf.de\/wp\/wp-json\/wp\/v2\/pages\/145","targetHints":{"allow":["GET"]}}],"collection":[{"href":"https:\/\/www.ghg-alsdorf.de\/wp\/wp-json\/wp\/v2\/pages"}],"about":[{"href":"https:\/\/www.ghg-alsdorf.de\/wp\/wp-json\/wp\/v2\/types\/page"}],"author":[{"embeddable":true,"href":"https:\/\/www.ghg-alsdorf.de\/wp\/wp-json\/wp\/v2\/users\/17"}],"replies":[{"embeddable":true,"href":"https:\/\/www.ghg-alsdorf.de\/wp\/wp-json\/wp\/v2\/comments?post=145"}],"version-history":[{"count":3,"href":"https:\/\/www.ghg-alsdorf.de\/wp\/wp-json\/wp\/v2\/pages\/145\/revisions"}],"predecessor-version":[{"id":13539,"href":"https:\/\/www.ghg-alsdorf.de\/wp\/wp-json\/wp\/v2\/pages\/145\/revisions\/13539"}],"up":[{"embeddable":true,"href":"https:\/\/www.ghg-alsdorf.de\/wp\/wp-json\/wp\/v2\/pages\/108"}],"wp:featuredmedia":[{"embeddable":true,"href":"https:\/\/www.ghg-alsdorf.de\/wp\/wp-json\/wp\/v2\/media\/13205"}],"wp:attachment":[{"href":"https:\/\/www.ghg-alsdorf.de\/wp\/wp-json\/wp\/v2\/media?parent=145"}],"curies":[{"name":"wp","href":"https:\/\/api.w.org\/{rel}","templated":true}]}}