{"id":195,"date":"2007-09-16T09:42:53","date_gmt":"2007-09-16T07:42:53","guid":{"rendered":"http:\/\/www.ghg-alsdorf.de\/wp\/index.php\/ohnemenu\/agendacafe\/"},"modified":"2020-11-11T12:32:16","modified_gmt":"2020-11-11T11:32:16","slug":"agendacafe","status":"publish","type":"page","link":"https:\/\/www.ghg-alsdorf.de\/wp\/agendacafe","title":{"rendered":"Agendacafe"},"content":{"rendered":"<p><strong><img decoding=\"async\" src=\"https:\/\/www.ghg-alsdorf.de\/wp\/wp-content\/uploads\/2007\/09\/bullet1.gif\" alt=\"\" \/><a href=\"https:\/\/www.ghg-alsdorf.de\/wp\/index.php\/ohnemenu\/agenda-e\/\"><img decoding=\"async\" src=\"https:\/\/www.ghg-alsdorf.de\/wp\/wp-content\/uploads\/2007\/09\/flag_e.gif\" alt=\"handmade translations\" width=\"19\" \/><\/a><\/strong><\/p>\n<h1><strong>AGENDA-Cafe<\/strong><\/h1>\n<div style=\"width: 240px;\" class=\"wp-video\"><video class=\"wp-video-shortcode\" id=\"video-195-1\" width=\"240\" height=\"135\" autoplay preload=\"auto\" controls=\"controls\"><source type=\"video\/mp4\" src=\"https:\/\/www.ghg-alsdorf.de\/wp\/wp-content\/uploads\/2020\/11\/Agendacafe.mp4?_=1\" \/><a href=\"https:\/\/www.ghg-alsdorf.de\/wp\/wp-content\/uploads\/2020\/11\/Agendacafe.mp4\">https:\/\/www.ghg-alsdorf.de\/wp\/wp-content\/uploads\/2020\/11\/Agendacafe.mp4<\/a><\/video><\/div>\n<p>Das Agenda-Cafe wird von einer Gruppe Kolleginnen und Kollegen sowie der Sozialp\u00e4dagogin angeboten. W\u00e4hrend des laufenden Schulbetriebs gibt es dort in den Pausen ein reichhhaltiges Angebot an Snacks und Getr\u00e4nken aus kontrolliert biologischem Anbau. Zus\u00e4tzlich werden vom Beratungsteam Konzentrationsspiele angeboten.<\/p>\n<p>Das Agenda-Cafe wird vom AGENDA Projekt der Stadt Alsdorf unterst\u00fctzt. <a href=\"https:\/\/www.ghg-alsdorf.de\/wp\/index.php\/ohnemenu\/agenda-weiter\/\">Langfristig<\/a> soll es eine Bibliothek und Mediothek zu AGENDA-Fragen enthalten und ein Kommunikationszentrum zum bewussten Umgang mit unserer Welt im 21. Jahrhundert werden.<\/p>\n<p><span style=\"font-size: small;\">\u00a0<\/span><\/p>\n<hr \/>\n<p>Unsere Schule in Alsdorf (Nordrhein-Westfalen) hat ca. 1100 Sch\u00fclerinnen und Sch\u00fcler, 80 Lehrerinnen und Lehrer, 6 Schulleitungsmitglieder, 1 Sozialbetreuerin, 2 Sekret\u00e4rinnen, ein Hausmeisterteam. Wir haben 35 Lerngruppen, Klassen- und Fachr\u00e4ume, eine Lehr-K\u00fcche, eine Sporthalle und einen Sportplatz, mehrere Schulh\u00f6fe, einen Spielbereich, eine Bibliothek, unsere Mensa- und seit Ende 1999 das Agenda Cafe.<a href=\"https:\/\/www.ghg-alsdorf.de\/wp\/index.php\/ohnemenu\/agenda-weiter\/\"><img decoding=\"async\" src=\"https:\/\/www.ghg-alsdorf.de\/wp\/wp-content\/uploads\/2007\/09\/agenda.jpg\" alt=\"Ideenb\u00f6rse\" width=\"220\" \/><\/a> Im Rahmen einer p\u00e4dagogischen Fortbildung zum Thema &#8222;Schulentwicklung&#8220; von Lehrerinnen und Lehrer der Gustav-Heinemann-Gesamtschule in Alsdorf befassten wir (&#8222;Wir&#8220; sind das &#8222;<a href=\"https:\/\/www.ghg-alsdorf.de\/wp\/index.php\/ohnemenu\/agenda-kontakt\/\">Agenda -Team<\/a>&#8220; von 10 &#8211; 15 KollegInnen ) uns mit dem Thema &#8222;Schule und Agenda 21&#8220;. In diesem Zusammenhang entstand die <a href=\"https:\/\/www.ghg-alsdorf.de\/wp\/index.php\/ohnemenu\/agenda-idee\/\">Projektidee<\/a>, ein Agenda &#8211; Cafe einzurichten. Es gab in unserer Schule einen Raum, der nicht zu Unterrichtszwecken genutzt wurde. Diesen Raum konnten wir umgestalteten, indem wir einen Teil der Einrichtung erneuerten, eine K\u00fcchenausstattung erwarben und nun \u00fcber eine eingerichtete K\u00fcchenzeile mit Theke und einen Ess- bzw. Arbeitsraum mit Tischen und St\u00fchlen f\u00fcr ca. 40 Personen verf\u00fcgen.<br \/>\nWeitere Infos zum Aufbau unseres Agenda-Cafes gibt es <a href=\"https:\/\/www.ghg-alsdorf.de\/wp\/index.php\/ohnemenu\/agenda-schritte\/\">hier<\/a>.<\/p>\n","protected":false},"excerpt":{"rendered":"<p>AGENDA-Cafe Das Agenda-Cafe wird von einer Gruppe Kolleginnen und Kollegen sowie der Sozialp\u00e4dagogin angeboten. W\u00e4hrend des laufenden Schulbetriebs gibt es dort in den Pausen ein reichhhaltiges Angebot an Snacks und Getr\u00e4nken aus kontrolliert biologischem Anbau. Zus\u00e4tzlich werden vom Beratungsteam Konzentrationsspiele angeboten. Das Agenda-Cafe wird vom AGENDA Projekt der Stadt Alsdorf unterst\u00fctzt. Langfristig soll es eine [&hellip;]<\/p>\n","protected":false},"author":17,"featured_media":4748,"parent":0,"menu_order":160,"comment_status":"closed","ping_status":"closed","template":"","meta":{"footnotes":""},"class_list":["post-195","page","type-page","status-publish","has-post-thumbnail","czr-hentry"],"_links":{"self":[{"href":"https:\/\/www.ghg-alsdorf.de\/wp\/wp-json\/wp\/v2\/pages\/195","targetHints":{"allow":["GET"]}}],"collection":[{"href":"https:\/\/www.ghg-alsdorf.de\/wp\/wp-json\/wp\/v2\/pages"}],"about":[{"href":"https:\/\/www.ghg-alsdorf.de\/wp\/wp-json\/wp\/v2\/types\/page"}],"author":[{"embeddable":true,"href":"https:\/\/www.ghg-alsdorf.de\/wp\/wp-json\/wp\/v2\/users\/17"}],"replies":[{"embeddable":true,"href":"https:\/\/www.ghg-alsdorf.de\/wp\/wp-json\/wp\/v2\/comments?post=195"}],"version-history":[{"count":4,"href":"https:\/\/www.ghg-alsdorf.de\/wp\/wp-json\/wp\/v2\/pages\/195\/revisions"}],"predecessor-version":[{"id":11269,"href":"https:\/\/www.ghg-alsdorf.de\/wp\/wp-json\/wp\/v2\/pages\/195\/revisions\/11269"}],"wp:featuredmedia":[{"embeddable":true,"href":"https:\/\/www.ghg-alsdorf.de\/wp\/wp-json\/wp\/v2\/media\/4748"}],"wp:attachment":[{"href":"https:\/\/www.ghg-alsdorf.de\/wp\/wp-json\/wp\/v2\/media?parent=195"}],"curies":[{"name":"wp","href":"https:\/\/api.w.org\/{rel}","templated":true}]}}