{"id":233,"date":"2011-09-07T18:00:08","date_gmt":"2011-09-07T16:00:08","guid":{"rendered":"http:\/\/www.ghg-alsdorf.de\/wp\/index.php\/lehrerseiten\/lehrerplaene\/"},"modified":"2026-02-21T11:07:21","modified_gmt":"2026-02-21T10:07:21","slug":"lehrerplaene","status":"publish","type":"page","link":"https:\/\/www.ghg-alsdorf.de\/wp\/lehrerplaene","title":{"rendered":"Lehrerpl\u00e4ne"},"content":{"rendered":"<h2 style=\"text-align: center;\"><span style=\"color: #ff0000;\">Die Lehrerpl\u00e4ne<\/span><\/h2>\n<p style=\"text-align: center;\"><span style=\"color: #ff0000;\">&#8211; Nun mit einem angeh\u00e4ngten Raumplan &#8211;<\/span><\/p>\n<p style=\"text-align: center;\"><img loading=\"lazy\" decoding=\"async\" class=\"alignnone wp-image-10810 size-full\" src=\"https:\/\/www.ghg-alsdorf.de\/wp\/wp-content\/uploads\/2020\/02\/Stundenplan.jpg\" alt=\"\" width=\"300\" height=\"220\" srcset=\"https:\/\/www.ghg-alsdorf.de\/wp\/wp-content\/uploads\/2020\/02\/Stundenplan.jpg 300w, https:\/\/www.ghg-alsdorf.de\/wp\/wp-content\/uploads\/2020\/02\/Stundenplan-150x110.jpg 150w\" sizes=\"auto, (max-width: 300px) 100vw, 300px\" \/><\/p>\n<div class='w3eden'><!-- WPDM Link Template: Default Template -->\n\n<div class=\"link-template-default card mb-2\">\n    <div class=\"card-body\">\n        <div class=\"media\">\n            <div class=\"mr-3 img-48\"><img decoding=\"async\" class=\"wpdm_icon\" alt=\"Icon\"   src=\"https:\/\/www.ghg-alsdorf.de\/wp\/wp-content\/plugins\/download-manager\/assets\/file-type-icons\/pdf.png\" \/><\/div>\n            <div class=\"media-body\">\n                <h3 class=\"package-title\"><a href='https:\/\/www.ghg-alsdorf.de\/wp\/download\/lehrerplaene'>Lehrerpl\u00e4ne<\/a><\/h3>\n                <div class=\"text-muted text-small\"><i class=\"fas fa-copy\"><\/i> 1 Datei(en) <i class=\"fas fa-hdd ml-3\"><\/i> 1.66 MB<\/div>\n            <\/div>\n            <div class=\"ml-3\">\n                <div class=\"w3eden\"><div class=\"panel panel-default card\"><div class=\"panel-body card-body\"><span class=\"text-danger\">Login is required to access this page<\/span><\/div><div class=\"panel-footer card-footer text-right\"><a href=\"https:\/\/www.ghg-alsdorf.de\/wp\/wp-login.php?redirect_to=\/wp\/wp-json\/wp\/v2\/pages\/233\" class=\"btn btn-danger wpdmloginmodal-trigger btn-sm\"><i class=\"fa fa-lock\"><\/i> Login<\/a><\/div><\/div><\/div>\n            <\/div>\n        <\/div>\n    <\/div>\n<\/div>\n\n<\/div>\n<p style=\"text-align: center;\"><span style=\"font-size: small; font-family: Arial;\">g\u00fcltig ab 23.02.2026<\/span><\/p>\n<p><strong>\u00a0<\/strong><\/p>\n","protected":false},"excerpt":{"rendered":"<p>Die Lehrerpl\u00e4ne &#8211; Nun mit einem angeh\u00e4ngten Raumplan &#8211; g\u00fcltig ab 23.02.2026 \u00a0<\/p>\n","protected":false},"author":42,"featured_media":4938,"parent":0,"menu_order":120,"comment_status":"closed","ping_status":"closed","template":"schutz.php","meta":{"footnotes":""},"class_list":["post-233","page","type-page","status-publish","has-post-thumbnail","czr-hentry"],"_links":{"self":[{"href":"https:\/\/www.ghg-alsdorf.de\/wp\/wp-json\/wp\/v2\/pages\/233","targetHints":{"allow":["GET"]}}],"collection":[{"href":"https:\/\/www.ghg-alsdorf.de\/wp\/wp-json\/wp\/v2\/pages"}],"about":[{"href":"https:\/\/www.ghg-alsdorf.de\/wp\/wp-json\/wp\/v2\/types\/page"}],"author":[{"embeddable":true,"href":"https:\/\/www.ghg-alsdorf.de\/wp\/wp-json\/wp\/v2\/users\/42"}],"replies":[{"embeddable":true,"href":"https:\/\/www.ghg-alsdorf.de\/wp\/wp-json\/wp\/v2\/comments?post=233"}],"version-history":[{"count":4,"href":"https:\/\/www.ghg-alsdorf.de\/wp\/wp-json\/wp\/v2\/pages\/233\/revisions"}],"predecessor-version":[{"id":14643,"href":"https:\/\/www.ghg-alsdorf.de\/wp\/wp-json\/wp\/v2\/pages\/233\/revisions\/14643"}],"wp:featuredmedia":[{"embeddable":true,"href":"https:\/\/www.ghg-alsdorf.de\/wp\/wp-json\/wp\/v2\/media\/4938"}],"wp:attachment":[{"href":"https:\/\/www.ghg-alsdorf.de\/wp\/wp-json\/wp\/v2\/media?parent=233"}],"curies":[{"name":"wp","href":"https:\/\/api.w.org\/{rel}","templated":true}]}}