{"id":6953,"date":"2014-08-14T18:50:08","date_gmt":"2014-08-14T16:50:08","guid":{"rendered":"http:\/\/www.ghg-alsdorf.de\/wp\/?page_id=6953"},"modified":"2025-08-18T13:49:11","modified_gmt":"2025-08-18T11:49:11","slug":"jahrgang-10","status":"publish","type":"page","link":"https:\/\/www.ghg-alsdorf.de\/wp\/berufswahl\/jahrgang-10","title":{"rendered":"Jahrgang 10"},"content":{"rendered":"<p style=\"text-align: center;\"><strong>Klassen 10<\/strong><\/p>\n<p>\u2022 Gezielte F\u00f6rderung von Sch\u00fclern innerhalb der \u201cErg\u00e4nzungsstunden\u201d im Bereich Deutsch f\u00fcr vertiefte Berufsorientierung (differenzierte und individuelle Hilfestellung bei den Formalien der Bewerbung, sowie das Ein\u00fcben von Strategien bei Bewerbungsgespr\u00e4chen).<br \/>\n\u2022 Besuch lokaler Ausbildungsmessen an unserer Schule am 4. September 2025, in Aachen und Umgebung im April 2026. Termine werden rechtzeitig bekannt gegeben.<br \/>\n\u2022 Besuch des \u201eParcours f\u00fcr Gesundheitsberufe\u201c im Juni 2026 in Aachen. Der genaue Termin wird rechtzeitig bekannt gegeben.<br \/>\n\u2022 Besuch der \u201eAusbildungsbotschafter\u201c der HWK und IHK Aachen. In dieser 2-st\u00fcndigen Veranstaltung stellen Ausbildende ihre Berufe live in der Klasse vor.<br \/>\n\u2022 Regelm\u00e4\u00dfige Sprechstunden, der f\u00fcr unsere Schule zust\u00e4ndigen Berufsberaterin der Bundesagentur f\u00fcr Arbeit, Frau Savoir. Die Sprechstunden in diesem Schuljahr finden jeweils montags in der Zeit von 8.00 Uhr bis 12.30 Uhr im \u201eBerufsorientierungsb\u00fcro\u201c (BOB), Raum A 0.47 statt. Die Termine sind im Schulkalender hinterlegt.<br \/>\n\u2022 Berufsberatung f\u00fcr Sch\u00fclerinnen und Sch\u00fclern mit ihren Eltern durch Frau Savoir (Berufsberaterin der Bundesagentur f\u00fcr Arbeit) an den 4 Elternsprechtagen am Donnerstag, 13. November 2025, Mittwoch, 19. November 2025 und am Donnerstag, 30. April 2026 und Montag, 4. Mai 2026, , jeweils von 14.30 Uhr bis 17.00 Uhr) im \u201eBerufsorientierungsb\u00fcro\u201c (BOB) Raum A 0.47.<br \/>\n\u2022 Teilnahme am diesj\u00e4hrigen \u201eTag der dualen Ausbildung\u201c im Berufskolleg Nord . Alle Sch\u00fcler:innen des 10. Jahrgangs werden diesen Tag als Kompetenztag nutzen um sich \u00fcber die Vielfalt der Ausbildungsm\u00f6glichkeiten zu informieren.<br \/>\n\u2022 Weitere \u201eKompetenztage\u201c in Kooperation mit der Bundesagentur f\u00fcr Arbeit und den ans\u00e4ssigen Berufskollegen sind in Planung. Die Termine werden den Sch\u00fcler:innen rechtzeitig bekannt gegeben.<\/p>\n<p>&nbsp;<\/p>\n<p><em>\u00a0<\/em><\/p>\n<p><a href=\"http:\/\/www.assess.rwth-aachen.de\/\"><img decoding=\"async\" src=\"https:\/\/www.ghg-alsdorf.de\/wp\/wp-content\/uploads\/2007\/08\/logo_text.gif\" alt=\"Logo Studienberatung\" \/> Zum Studienberatungstest<\/a> der RWTH.Aachen.<\/p>\n<hr \/>\n<p style=\"text-align: center;\">Ansprechpartner f\u00fcr den Bereich Berufsvorbereitung ist <strong>Herr Klein<\/strong> <a title=\"klei@ghg-alsdorf.de\" href=\"mailto:klei@ghg-alsdorf.de\"><img decoding=\"async\" src=\"https:\/\/www.ghg-alsdorf.de\/wp\/wp-content\/uploads\/2007\/08\/mail7.gif\" alt=\"klei@ghg-alsdorf.de\" width=\"14\" \/><\/a> und <strong>Frau Schaffrath<\/strong> <a title=\"anna.schaffrath@ghg-alsdorf.de\" href=\"mailto:anna.schaffrath@ghg-alsdorf.de\"><img decoding=\"async\" src=\"https:\/\/www.ghg-alsdorf.de\/wp\/wp-content\/uploads\/2007\/08\/mail7.gif\" alt=\"anna.schaffrath@ghg-alsdorf.de\" width=\"14\" \/><\/a>.<\/p>\n<p style=\"text-align: center;\">Gustav- Heinemann Gesamtschule, am Kl\u00f6tt 1, 52477 Alsdorf, Tel.: 02404 94000<\/p>\n<p>&nbsp;<\/p>\n<p style=\"text-align: center;\">\n","protected":false},"excerpt":{"rendered":"<p>Klassen 10 \u2022 Gezielte F\u00f6rderung von Sch\u00fclern innerhalb der \u201cErg\u00e4nzungsstunden\u201d im Bereich Deutsch f\u00fcr vertiefte Berufsorientierung (differenzierte und individuelle Hilfestellung bei den Formalien der Bewerbung, sowie das Ein\u00fcben von Strategien bei Bewerbungsgespr\u00e4chen). \u2022 Besuch lokaler Ausbildungsmessen an unserer Schule am 4. September 2025, in Aachen und Umgebung im April 2026. Termine werden rechtzeitig bekannt gegeben. [&hellip;]<\/p>\n","protected":false},"author":2,"featured_media":0,"parent":100,"menu_order":0,"comment_status":"closed","ping_status":"closed","template":"","meta":{"footnotes":""},"class_list":["post-6953","page","type-page","status-publish","czr-hentry"],"_links":{"self":[{"href":"https:\/\/www.ghg-alsdorf.de\/wp\/wp-json\/wp\/v2\/pages\/6953","targetHints":{"allow":["GET"]}}],"collection":[{"href":"https:\/\/www.ghg-alsdorf.de\/wp\/wp-json\/wp\/v2\/pages"}],"about":[{"href":"https:\/\/www.ghg-alsdorf.de\/wp\/wp-json\/wp\/v2\/types\/page"}],"author":[{"embeddable":true,"href":"https:\/\/www.ghg-alsdorf.de\/wp\/wp-json\/wp\/v2\/users\/2"}],"replies":[{"embeddable":true,"href":"https:\/\/www.ghg-alsdorf.de\/wp\/wp-json\/wp\/v2\/comments?post=6953"}],"version-history":[{"count":3,"href":"https:\/\/www.ghg-alsdorf.de\/wp\/wp-json\/wp\/v2\/pages\/6953\/revisions"}],"predecessor-version":[{"id":14431,"href":"https:\/\/www.ghg-alsdorf.de\/wp\/wp-json\/wp\/v2\/pages\/6953\/revisions\/14431"}],"up":[{"embeddable":true,"href":"https:\/\/www.ghg-alsdorf.de\/wp\/wp-json\/wp\/v2\/pages\/100"}],"wp:attachment":[{"href":"https:\/\/www.ghg-alsdorf.de\/wp\/wp-json\/wp\/v2\/media?parent=6953"}],"curies":[{"name":"wp","href":"https:\/\/api.w.org\/{rel}","templated":true}]}}