{"id":6964,"date":"2014-08-14T18:59:12","date_gmt":"2014-08-14T16:59:12","guid":{"rendered":"http:\/\/www.ghg-alsdorf.de\/wp\/?page_id=6964"},"modified":"2025-08-18T14:00:25","modified_gmt":"2025-08-18T12:00:25","slug":"beratungstermine","status":"publish","type":"page","link":"https:\/\/www.ghg-alsdorf.de\/wp\/berufswahl\/beratungstermine","title":{"rendered":"Beratungstermine"},"content":{"rendered":"<h2>Beratungstermine der Bundesagentur<\/h2>\n<p>f\u00fcr Arbeit (<strong><span class=\"ba-ddst-beratername\">Frau Bettina Savoir<\/span><\/strong>) f\u00fcr Sch\u00fclerinnen und Sch\u00fcler der Sekundarstufe I finden sich jeweils aktuell in unserem <a href=\"https:\/\/www.ghg-alsdorf.de\/wp\/elterninfo-2\/terminkalender\">Terminkalender<\/a>.<\/p>\n<p>Die Beratungen finden im \u201eBOB\u201c (Berufsorientierungsb\u00fcro) A 0.47 statt.<\/p>\n<p>&nbsp;<\/p>\n<hr \/>\n<div id=\"content\" class=\"span9 article-container tc-gallery-style\">\n<article id=\"page-6949\" class=\"row-fluid post-6949 page type-page status-publish czr-hentry hover\">\n<div class=\"entry-content\">\n<p style=\"text-align: center;\">Ansprechpartner f\u00fcr den Bereich Berufsvorbereitung ist <strong>Herr Klein<\/strong> <a class=\"\" title=\"klei@ghg-alsdorf.de\" href=\"mailto:klei@ghg-alsdorf.de\"><img decoding=\"async\" class=\"tc-smart-loaded\" src=\"https:\/\/www.ghg-alsdorf.de\/wp\/wp-content\/uploads\/2007\/08\/mail7.gif\" alt=\"klei@ghg-alsdorf.de\" width=\"14\" \/><\/a> und <strong>Frau Schaffrath<\/strong> <a class=\"\" title=\"anna.schaffrath@ghg-alsdorf.de\" href=\"mailto:anna.schaffrath@ghg-alsdorf.de\"><img decoding=\"async\" class=\"tc-smart-loaded\" src=\"https:\/\/www.ghg-alsdorf.de\/wp\/wp-content\/uploads\/2007\/08\/mail7.gif\" alt=\"anna.schaffrath@ghg-alsdorf.de\" width=\"14\" \/><\/a>.<\/p>\n<p style=\"text-align: center;\">Gustav- Heinemann Gesamtschule, am Kl\u00f6tt 1, 52477 Alsdorf, Tel.: 02404 94000<\/p>\n<p>&nbsp;<\/p>\n<\/div>\n<\/article>\n<\/div>\n<p>&nbsp;<\/p>\n","protected":false},"excerpt":{"rendered":"<p>Beratungstermine der Bundesagentur f\u00fcr Arbeit (Frau Bettina Savoir) f\u00fcr Sch\u00fclerinnen und Sch\u00fcler der Sekundarstufe I finden sich jeweils aktuell in unserem Terminkalender. Die Beratungen finden im \u201eBOB\u201c (Berufsorientierungsb\u00fcro) A 0.47 statt. &nbsp; Ansprechpartner f\u00fcr den Bereich Berufsvorbereitung ist Herr Klein und Frau Schaffrath . Gustav- Heinemann Gesamtschule, am Kl\u00f6tt 1, 52477 Alsdorf, Tel.: 02404 94000 [&hellip;]<\/p>\n","protected":false},"author":3,"featured_media":0,"parent":100,"menu_order":0,"comment_status":"closed","ping_status":"closed","template":"","meta":{"footnotes":""},"class_list":["post-6964","page","type-page","status-publish","czr-hentry"],"_links":{"self":[{"href":"https:\/\/www.ghg-alsdorf.de\/wp\/wp-json\/wp\/v2\/pages\/6964","targetHints":{"allow":["GET"]}}],"collection":[{"href":"https:\/\/www.ghg-alsdorf.de\/wp\/wp-json\/wp\/v2\/pages"}],"about":[{"href":"https:\/\/www.ghg-alsdorf.de\/wp\/wp-json\/wp\/v2\/types\/page"}],"author":[{"embeddable":true,"href":"https:\/\/www.ghg-alsdorf.de\/wp\/wp-json\/wp\/v2\/users\/3"}],"replies":[{"embeddable":true,"href":"https:\/\/www.ghg-alsdorf.de\/wp\/wp-json\/wp\/v2\/comments?post=6964"}],"version-history":[{"count":4,"href":"https:\/\/www.ghg-alsdorf.de\/wp\/wp-json\/wp\/v2\/pages\/6964\/revisions"}],"predecessor-version":[{"id":14438,"href":"https:\/\/www.ghg-alsdorf.de\/wp\/wp-json\/wp\/v2\/pages\/6964\/revisions\/14438"}],"up":[{"embeddable":true,"href":"https:\/\/www.ghg-alsdorf.de\/wp\/wp-json\/wp\/v2\/pages\/100"}],"wp:attachment":[{"href":"https:\/\/www.ghg-alsdorf.de\/wp\/wp-json\/wp\/v2\/media?parent=6964"}],"curies":[{"name":"wp","href":"https:\/\/api.w.org\/{rel}","templated":true}]}}