{"id":7177,"date":"2015-01-29T15:28:21","date_gmt":"2015-01-29T14:28:21","guid":{"rendered":"http:\/\/www.ghg-alsdorf.de\/wp\/?page_id=7177"},"modified":"2015-01-29T15:34:36","modified_gmt":"2015-01-29T14:34:36","slug":"potentialanalyse","status":"publish","type":"page","link":"https:\/\/www.ghg-alsdorf.de\/wp\/berufswahl\/potentialanalyse","title":{"rendered":"Potentialanalyse"},"content":{"rendered":"<h2>Potentialanalyse im Rahmen von \u201ekein Abschluss ohne Anschluss\u201c<\/h2>\n<p>Alle Sch\u00fclerinnen und Sch\u00fcler des 8. Jahrganges der Gustav-Heinemann-Gesamtschule nehmen an einer eint\u00e4gigen Potentialanalyse im Rahmen des landesweiten Projektes \u201e<strong>kein Abschluss ohne Anschluss<\/strong>\u201c beim VABW Alsdorf teil.<!--more--><\/p>\n<h3>Welches Ziel verfolgt die Potentialanalyse?<\/h3>\n<h3><img loading=\"lazy\" decoding=\"async\" class=\" size-full wp-image-6886 alignright\" src=\"https:\/\/www.ghg-alsdorf.de\/wp\/wp-content\/uploads\/2007\/08\/Bild1.jpg\" alt=\"Bild1\" width=\"259\" height=\"194\" srcset=\"https:\/\/www.ghg-alsdorf.de\/wp\/wp-content\/uploads\/2007\/08\/Bild1.jpg 259w, https:\/\/www.ghg-alsdorf.de\/wp\/wp-content\/uploads\/2007\/08\/Bild1-150x112.jpg 150w\" sizes=\"auto, (max-width: 259px) 100vw, 259px\" \/><\/h3>\n<p>Durch das Angebot einer fr\u00fchzeitigen, praxisbezogenen und systematischen Berufsorientierung in \u00fcberbetrieblichen und vergleichbaren Berufsbildungsst\u00e4tten soll Jugendlichen allgemein bildender Schulen die M\u00f6glichkeit einer dualen Berufsausbildung n\u00e4her gebracht werden.<\/p>\n<h3>Was ist eine Potenzialanalyse?<\/h3>\n<p>Anhand handlungsorientierter Verfahren werden die Jugendlichen herausgefordert, sich mit eigenen beruflichen W\u00fcnschen und Lebenspl\u00e4nen konstruktiv zu besch\u00e4ftigen als auch mit den Anforderungen der Berufs- und Lebenswelt. Dabei werden Schl\u00fcsselkompetenzen untersucht, die berufs\u00fcbergreifend und auch im Alltagsleben von Bedeutung sind. Durch den Vergleich von fundierter Selbst- und Fremdeinsch\u00e4tzung unterst\u00fctzen Fachkr\u00e4fte die Sch\u00fclerinnen und Sch\u00fcler dabei, sich selbst wahrzunehmen und zu reflektieren.<\/p>\n<h3>Die Zertfikats\u00fcbergabe<\/h3>\n<p>Im Januar findet die Nachbesprechung der Potentialanalyse statt. Hierzu kommen die Fachkr\u00e4fte des VABW Alsdorf in die Schule und analysieren in Einzelgespr\u00e4chen die Ergebnisse mit den Sch\u00fclerinnen und Sch\u00fclern.<\/p>\n<h3>Wie geht es weiter?<\/h3>\n<p>Die Sch\u00fclerinnen und Sch\u00fcler, die an der Potentialanalyse teilgenommen haben erhalten die Gelegenheit an jeweils drei Tagen im M\u00e4rz praktische Erfahrungen in\u00a0 berufsspezifischen Werkst\u00e4tten zu machen. Unter Anleitung eines Ausbilders erproben sie bei praktischer Arbeit Eignung und Neigung in verschiedenen Berufen.<\/p>\n","protected":false},"excerpt":{"rendered":"<p>Alle Sch\u00fclerinnen und Sch\u00fcler des 8. Jahrganges der Gustav-Heinemann-Gesamtschule haben an der eint\u00e4gigen Potentialanalyse im Rahmen des landesweiten Projektes \u201ekein Abschluss ohne Anschluss\u201c beim VABW Alsdorf teilgenommen.<\/p>\n","protected":false},"author":3,"featured_media":0,"parent":100,"menu_order":0,"comment_status":"closed","ping_status":"closed","template":"","meta":{"footnotes":""},"class_list":["post-7177","page","type-page","status-publish","czr-hentry"],"_links":{"self":[{"href":"https:\/\/www.ghg-alsdorf.de\/wp\/wp-json\/wp\/v2\/pages\/7177","targetHints":{"allow":["GET"]}}],"collection":[{"href":"https:\/\/www.ghg-alsdorf.de\/wp\/wp-json\/wp\/v2\/pages"}],"about":[{"href":"https:\/\/www.ghg-alsdorf.de\/wp\/wp-json\/wp\/v2\/types\/page"}],"author":[{"embeddable":true,"href":"https:\/\/www.ghg-alsdorf.de\/wp\/wp-json\/wp\/v2\/users\/3"}],"replies":[{"embeddable":true,"href":"https:\/\/www.ghg-alsdorf.de\/wp\/wp-json\/wp\/v2\/comments?post=7177"}],"version-history":[{"count":0,"href":"https:\/\/www.ghg-alsdorf.de\/wp\/wp-json\/wp\/v2\/pages\/7177\/revisions"}],"up":[{"embeddable":true,"href":"https:\/\/www.ghg-alsdorf.de\/wp\/wp-json\/wp\/v2\/pages\/100"}],"wp:attachment":[{"href":"https:\/\/www.ghg-alsdorf.de\/wp\/wp-json\/wp\/v2\/media?parent=7177"}],"curies":[{"name":"wp","href":"https:\/\/api.w.org\/{rel}","templated":true}]}}